{"id":9,"date":"2024-03-12T09:48:39","date_gmt":"2024-03-12T08:48:39","guid":{"rendered":"https:\/\/blindexmeble.pl\/?page_id=9"},"modified":"2024-03-26T14:14:32","modified_gmt":"2024-03-26T13:14:32","slug":"home","status":"publish","type":"page","link":"https:\/\/blindexmeble.pl\/","title":{"rendered":"Home"},"content":{"rendered":"\t\t<div data-elementor-type=\"wp-page\" data-elementor-id=\"9\" class=\"elementor elementor-9\" data-elementor-post-type=\"page\">\n\t\t\t\t<div class=\"elementor-element elementor-element-144007b e-flex e-con-boxed e-con e-parent\" data-id=\"144007b\" data-element_type=\"container\" data-e-type=\"container\" data-settings=\"{&quot;background_background&quot;:&quot;classic&quot;,&quot;background_motion_fx_motion_fx_scrolling&quot;:&quot;yes&quot;,&quot;background_motion_fx_scale_effect&quot;:&quot;yes&quot;,&quot;background_motion_fx_scale_direction&quot;:&quot;out-in&quot;,&quot;background_motion_fx_scale_speed&quot;:{&quot;unit&quot;:&quot;px&quot;,&quot;size&quot;:4,&quot;sizes&quot;:[]},&quot;background_motion_fx_scale_range&quot;:{&quot;unit&quot;:&quot;%&quot;,&quot;size&quot;:&quot;&quot;,&quot;sizes&quot;:{&quot;start&quot;:20,&quot;end&quot;:80}},&quot;background_motion_fx_devices&quot;:[&quot;desktop&quot;,&quot;tablet&quot;,&quot;mobile&quot;]}\">\n\t\t\t\t\t<div class=\"e-con-inner\">\n\t\t\t\t<div class=\"elementor-element elementor-element-e471181 elementor-invisible elementor-widget elementor-widget-heading\" data-id=\"e471181\" data-element_type=\"widget\" data-e-type=\"widget\" data-settings=\"{&quot;_animation&quot;:&quot;fadeInUp&quot;}\" data-widget_type=\"heading.default\">\n\t\t\t\t<div class=\"elementor-widget-container\">\n\t\t\t\t\t<h2 class=\"elementor-heading-title elementor-size-default\">Manufaktura mebli<\/h2>\t\t\t\t<\/div>\n\t\t\t\t<\/div>\n\t\t\t\t<div class=\"elementor-element elementor-element-02914a4 elementor-invisible elementor-widget elementor-widget-text-editor\" data-id=\"02914a4\" data-element_type=\"widget\" data-e-type=\"widget\" data-settings=\"{&quot;_animation&quot;:&quot;fadeInDown&quot;}\" data-widget_type=\"text-editor.default\">\n\t\t\t\t<div class=\"elementor-widget-container\">\n\t\t\t\t\t\t\t\t\t<h2 class=\"elementor-heading-title elementor-size-default elementor-inline-editing pen\" contenteditable=\"true\" data-elementor-setting-key=\"title\" data-pen-placeholder=\"Pisz tutaj...\">Kuchnie, garderoby, wn\u0119trza\u200b<\/h2>\t\t\t\t\t\t\t\t<\/div>\n\t\t\t\t<\/div>\n\t\t\t\t\t<\/div>\n\t\t\t\t<\/div>\n\t\t<div class=\"elementor-element elementor-element-151e514 e-flex e-con-boxed e-con e-parent\" data-id=\"151e514\" data-element_type=\"container\" data-e-type=\"container\" id=\"poznaj-nas\" data-settings=\"{&quot;background_background&quot;:&quot;classic&quot;}\">\n\t\t\t\t\t<div class=\"e-con-inner\">\n\t\t<div class=\"elementor-element elementor-element-2f64499 e-con-full e-flex e-con e-child\" data-id=\"2f64499\" data-element_type=\"container\" data-e-type=\"container\">\n\t\t\t\t<div class=\"elementor-element elementor-element-8821dca elementor-invisible elementor-widget elementor-widget-image\" data-id=\"8821dca\" data-element_type=\"widget\" data-e-type=\"widget\" data-settings=\"{&quot;_animation&quot;:&quot;fadeIn&quot;,&quot;motion_fx_motion_fx_scrolling&quot;:&quot;yes&quot;,&quot;motion_fx_scale_effect&quot;:&quot;yes&quot;,&quot;motion_fx_scale_speed&quot;:{&quot;unit&quot;:&quot;px&quot;,&quot;size&quot;:1,&quot;sizes&quot;:[]},&quot;motion_fx_scale_direction&quot;:&quot;out-in&quot;,&quot;motion_fx_scale_range&quot;:{&quot;unit&quot;:&quot;%&quot;,&quot;size&quot;:&quot;&quot;,&quot;sizes&quot;:{&quot;start&quot;:20,&quot;end&quot;:80}},&quot;motion_fx_devices&quot;:[&quot;desktop&quot;,&quot;tablet&quot;,&quot;mobile&quot;]}\" data-widget_type=\"image.default\">\n\t\t\t\t<div class=\"elementor-widget-container\">\n\t\t\t\t\t\t\t\t\t\t\t\t\t\t\t<img fetchpriority=\"high\" decoding=\"async\" width=\"683\" height=\"1024\" src=\"https:\/\/blindexmeble.pl\/wp-content\/uploads\/2024\/03\/BLINDEX_PLEWISKA02_fot_Kraupe_31674715442358-683x1024.jpg\" class=\"attachment-large size-large wp-image-31\" alt=\"\" srcset=\"https:\/\/blindexmeble.pl\/wp-content\/uploads\/2024\/03\/BLINDEX_PLEWISKA02_fot_Kraupe_31674715442358-683x1024.jpg 683w, https:\/\/blindexmeble.pl\/wp-content\/uploads\/2024\/03\/BLINDEX_PLEWISKA02_fot_Kraupe_31674715442358-200x300.jpg 200w, https:\/\/blindexmeble.pl\/wp-content\/uploads\/2024\/03\/BLINDEX_PLEWISKA02_fot_Kraupe_31674715442358-768x1152.jpg 768w, https:\/\/blindexmeble.pl\/wp-content\/uploads\/2024\/03\/BLINDEX_PLEWISKA02_fot_Kraupe_31674715442358-1024x1536.jpg 1024w, https:\/\/blindexmeble.pl\/wp-content\/uploads\/2024\/03\/BLINDEX_PLEWISKA02_fot_Kraupe_31674715442358-1365x2048.jpg 1365w, https:\/\/blindexmeble.pl\/wp-content\/uploads\/2024\/03\/BLINDEX_PLEWISKA02_fot_Kraupe_31674715442358-scaled.jpg 1707w\" sizes=\"(max-width: 683px) 100vw, 683px\" \/>\t\t\t\t\t\t\t\t\t\t\t\t\t\t\t<\/div>\n\t\t\t\t<\/div>\n\t\t\t\t<\/div>\n\t\t<div class=\"elementor-element elementor-element-0b3c566 e-con-full e-flex e-con e-child\" data-id=\"0b3c566\" data-element_type=\"container\" data-e-type=\"container\">\n\t\t\t\t<div class=\"elementor-element elementor-element-ac2cbe8 elementor-invisible elementor-widget elementor-widget-heading\" data-id=\"ac2cbe8\" data-element_type=\"widget\" data-e-type=\"widget\" data-settings=\"{&quot;_animation&quot;:&quot;fadeInUp&quot;}\" data-widget_type=\"heading.default\">\n\t\t\t\t<div class=\"elementor-widget-container\">\n\t\t\t\t\t<h2 class=\"elementor-heading-title elementor-size-default\">Kim jeste\u015bmy?<\/h2>\t\t\t\t<\/div>\n\t\t\t\t<\/div>\n\t\t\t\t<div class=\"elementor-element elementor-element-f471b5b elementor-invisible elementor-widget elementor-widget-text-editor\" data-id=\"f471b5b\" data-element_type=\"widget\" data-e-type=\"widget\" data-settings=\"{&quot;_animation&quot;:&quot;fadeInUp&quot;}\" data-widget_type=\"text-editor.default\">\n\t\t\t\t<div class=\"elementor-widget-container\">\n\t\t\t\t\t\t\t\t\t<p>Jeste\u015bmy firm\u0105 meblarsk\u0105 obecn\u0105 na rynku ju\u017c blisko 10 lat. Nasza pasja do projektowania i produkcji mebli niezmiennie towarzyszy nam w ka\u017cdym wyzwaniu, kt\u00f3re podejmujemy. Nasza specjalizacja koncentruje si\u0119 na obs\u0142udze segmentu premium, gdzie dbamy o najwy\u017csz\u0105 jako\u015b\u0107 oraz indywidualne podej\u015bcie do ka\u017cdego klienta.<\/p><p>Nie boimy si\u0119 wyzwa\u0144 \u2013 wr\u0119cz przeciwnie, traktujemy je jako okazj\u0119 do ci\u0105g\u0142ego rozwoju i doskonalenia naszych umiej\u0119tno\u015bci. Nasz zesp\u00f3\u0142 sk\u0142ada si\u0119 z do\u015bwiadczonych projektant\u00f3w i rzemie\u015blnik\u00f3w, kt\u00f3rzy z pasj\u0105 podejmuj\u0105 si\u0119 nawet najbardziej wymagaj\u0105cych projekt\u00f3w.<\/p><p>Nasze podej\u015bcie jest indywidualne w ka\u017cdym aspekcie naszej dzia\u0142alno\u015bci. Nasz priorytet to zrozumienie potrzeb oraz oczekiwa\u0144 naszych klient\u00f3w, aby dostarczy\u0107 im meble, kt\u00f3re nie tylko spe\u0142ni\u0105 ich oczekiwania, ale r\u00f3wnie\u017c b\u0119d\u0105 odzwierciedleniem ich stylu i osobowo\u015bci.<\/p><p>Dzi\u0119ki naszemu zaanga\u017cowaniu oraz profesjonalizmowi, stali\u015bmy si\u0119 zaufanym partnerem dla wielu os\u00f3b poszukuj\u0105cych wyj\u0105tkowych rozwi\u0105za\u0144 meblarskich. Jeste\u015bmy dumni z naszych dotychczasowych osi\u0105gni\u0119\u0107, ale nieustannie d\u0105\u017cymy do podnoszenia poprzeczki i tworzenia jeszcze lepszych, bardziej innowacyjnych projekt\u00f3w.<\/p><p>Je\u015bli szukasz mebli, kt\u00f3re nie tylko b\u0119d\u0105 funkcjonalne, ale tak\u017ce wyj\u0105tkowe pod ka\u017cdym wzgl\u0119dem, to jeste\u015bmy tu dla Ciebie. Pozw\u00f3l nam spe\u0142ni\u0107 Twoje marzenia o idealnym wn\u0119trzu.<\/p><p>\u00a0<\/p>\t\t\t\t\t\t\t\t<\/div>\n\t\t\t\t<\/div>\n\t\t\t\t<\/div>\n\t\t\t\t\t<\/div>\n\t\t\t\t<\/div>\n\t\t<div class=\"elementor-element elementor-element-c83a6cd e-flex e-con-boxed e-con e-parent\" data-id=\"c83a6cd\" data-element_type=\"container\" data-e-type=\"container\" id=\"realizacje\">\n\t\t\t\t\t<div class=\"e-con-inner\">\n\t\t\t\t<div class=\"elementor-element elementor-element-3ad17f3 elementor-invisible elementor-widget elementor-widget-heading\" data-id=\"3ad17f3\" data-element_type=\"widget\" data-e-type=\"widget\" data-settings=\"{&quot;_animation&quot;:&quot;fadeInUp&quot;}\" data-widget_type=\"heading.default\">\n\t\t\t\t<div class=\"elementor-widget-container\">\n\t\t\t\t\t<h2 class=\"elementor-heading-title elementor-size-default\">Nasze realizacje<\/h2>\t\t\t\t<\/div>\n\t\t\t\t<\/div>\n\t\t\t\t<div class=\"elementor-element elementor-element-6962db6 elementor-grid-3 elementor-grid-tablet-2 elementor-grid-mobile-1 elementor-invisible elementor-widget elementor-widget-portfolio\" data-id=\"6962db6\" data-element_type=\"widget\" data-e-type=\"widget\" data-settings=\"{&quot;row_gap&quot;:{&quot;unit&quot;:&quot;px&quot;,&quot;size&quot;:16,&quot;sizes&quot;:[]},&quot;_animation&quot;:&quot;fadeInUp&quot;,&quot;columns&quot;:&quot;3&quot;,&quot;columns_tablet&quot;:&quot;2&quot;,&quot;columns_mobile&quot;:&quot;1&quot;,&quot;item_ratio&quot;:{&quot;unit&quot;:&quot;px&quot;,&quot;size&quot;:0.66,&quot;sizes&quot;:[]},&quot;item_gap&quot;:{&quot;unit&quot;:&quot;px&quot;,&quot;size&quot;:&quot;&quot;,&quot;sizes&quot;:[]}}\" data-widget_type=\"portfolio.default\">\n\t\t\t\t<div class=\"elementor-widget-container\">\n\t\t\t\t\t\t\t<div class=\"elementor-portfolio elementor-grid elementor-posts-container\" role=\"list\">\n\t\t\t\t<article class=\"elementor-portfolio-item elementor-post  post-72 portfolio type-portfolio status-publish has-post-thumbnail hentry\" role=\"listitem\">\n\t\t\t<a class=\"elementor-post__thumbnail__link\" href=\"https:\/\/blindexmeble.pl\/?portfolio=szczepankowo\">\n\t\t\t\t<div class=\"elementor-portfolio-item__img elementor-post__thumbnail\">\n\t\t\t<img decoding=\"async\" width=\"800\" height=\"534\" src=\"https:\/\/blindexmeble.pl\/wp-content\/uploads\/2024\/03\/BLINDEX_SZCZEPANKOWO_70-1024x683.jpg\" class=\"attachment-large size-large wp-image-73\" alt=\"\" srcset=\"https:\/\/blindexmeble.pl\/wp-content\/uploads\/2024\/03\/BLINDEX_SZCZEPANKOWO_70-1024x683.jpg 1024w, https:\/\/blindexmeble.pl\/wp-content\/uploads\/2024\/03\/BLINDEX_SZCZEPANKOWO_70-300x200.jpg 300w, https:\/\/blindexmeble.pl\/wp-content\/uploads\/2024\/03\/BLINDEX_SZCZEPANKOWO_70-768x512.jpg 768w, https:\/\/blindexmeble.pl\/wp-content\/uploads\/2024\/03\/BLINDEX_SZCZEPANKOWO_70-1536x1024.jpg 1536w, https:\/\/blindexmeble.pl\/wp-content\/uploads\/2024\/03\/BLINDEX_SZCZEPANKOWO_70-2048x1365.jpg 2048w\" sizes=\"(max-width: 800px) 100vw, 800px\" \/>\t\t<\/div>\n\t\t\t\t<div class=\"elementor-portfolio-item__overlay\">\n\t\t\t\t<h3 class=\"elementor-portfolio-item__title\">\n\t\tSzczepankowo\t\t<\/h3>\n\t\t\t\t<\/div>\n\t\t\t\t<\/a>\n\t\t<\/article>\n\t\t\t\t<article class=\"elementor-portfolio-item elementor-post  post-51 portfolio type-portfolio status-publish has-post-thumbnail hentry\" role=\"listitem\">\n\t\t\t<a class=\"elementor-post__thumbnail__link\" href=\"https:\/\/blindexmeble.pl\/?portfolio=milczanska\">\n\t\t\t\t<div class=\"elementor-portfolio-item__img elementor-post__thumbnail\">\n\t\t\t<img decoding=\"async\" width=\"800\" height=\"534\" src=\"https:\/\/blindexmeble.pl\/wp-content\/uploads\/2024\/03\/Blindex_milczanska_14-1024x683.jpg\" class=\"attachment-large size-large wp-image-52\" alt=\"\" srcset=\"https:\/\/blindexmeble.pl\/wp-content\/uploads\/2024\/03\/Blindex_milczanska_14-1024x683.jpg 1024w, https:\/\/blindexmeble.pl\/wp-content\/uploads\/2024\/03\/Blindex_milczanska_14-300x200.jpg 300w, https:\/\/blindexmeble.pl\/wp-content\/uploads\/2024\/03\/Blindex_milczanska_14-768x512.jpg 768w, https:\/\/blindexmeble.pl\/wp-content\/uploads\/2024\/03\/Blindex_milczanska_14-1536x1024.jpg 1536w, https:\/\/blindexmeble.pl\/wp-content\/uploads\/2024\/03\/Blindex_milczanska_14-2048x1365.jpg 2048w\" sizes=\"(max-width: 800px) 100vw, 800px\" \/>\t\t<\/div>\n\t\t\t\t<div class=\"elementor-portfolio-item__overlay\">\n\t\t\t\t<h3 class=\"elementor-portfolio-item__title\">\n\t\tMilcza\u0144ska\t\t<\/h3>\n\t\t\t\t<\/div>\n\t\t\t\t<\/a>\n\t\t<\/article>\n\t\t\t\t<article class=\"elementor-portfolio-item elementor-post  post-22 portfolio type-portfolio status-publish has-post-thumbnail hentry\" role=\"listitem\">\n\t\t\t<a class=\"elementor-post__thumbnail__link\" href=\"https:\/\/blindexmeble.pl\/?portfolio=plewiska\">\n\t\t\t\t<div class=\"elementor-portfolio-item__img elementor-post__thumbnail\">\n\t\t\t<img loading=\"lazy\" decoding=\"async\" width=\"800\" height=\"534\" src=\"https:\/\/blindexmeble.pl\/wp-content\/uploads\/2024\/03\/BLINDEX_PLEWISKA02_fot_Kraupe_191674715442356-1024x683.jpg\" class=\"attachment-large size-large wp-image-12\" alt=\"\" srcset=\"https:\/\/blindexmeble.pl\/wp-content\/uploads\/2024\/03\/BLINDEX_PLEWISKA02_fot_Kraupe_191674715442356-1024x683.jpg 1024w, https:\/\/blindexmeble.pl\/wp-content\/uploads\/2024\/03\/BLINDEX_PLEWISKA02_fot_Kraupe_191674715442356-300x200.jpg 300w, https:\/\/blindexmeble.pl\/wp-content\/uploads\/2024\/03\/BLINDEX_PLEWISKA02_fot_Kraupe_191674715442356-768x512.jpg 768w, https:\/\/blindexmeble.pl\/wp-content\/uploads\/2024\/03\/BLINDEX_PLEWISKA02_fot_Kraupe_191674715442356-1536x1024.jpg 1536w, https:\/\/blindexmeble.pl\/wp-content\/uploads\/2024\/03\/BLINDEX_PLEWISKA02_fot_Kraupe_191674715442356-2048x1365.jpg 2048w\" sizes=\"(max-width: 800px) 100vw, 800px\" \/>\t\t<\/div>\n\t\t\t\t<div class=\"elementor-portfolio-item__overlay\">\n\t\t\t\t<h3 class=\"elementor-portfolio-item__title\">\n\t\tPlewiska\t\t<\/h3>\n\t\t\t\t<\/div>\n\t\t\t\t<\/a>\n\t\t<\/article>\n\t\t\t\t<\/div>\n\t\t\t\t\t\t<\/div>\n\t\t\t\t<\/div>\n\t\t\t\t\t<\/div>\n\t\t\t\t<\/div>\n\t\t<div class=\"elementor-element elementor-element-47f51a3 e-flex e-con-boxed e-con e-parent\" data-id=\"47f51a3\" data-element_type=\"container\" data-e-type=\"container\" id=\"dlaczego-my\" data-settings=\"{&quot;background_background&quot;:&quot;classic&quot;}\">\n\t\t\t\t\t<div class=\"e-con-inner\">\n\t\t\t\t<div class=\"elementor-element elementor-element-4f800ee elementor-invisible elementor-widget elementor-widget-heading\" data-id=\"4f800ee\" data-element_type=\"widget\" data-e-type=\"widget\" data-settings=\"{&quot;_animation&quot;:&quot;fadeInUp&quot;}\" data-widget_type=\"heading.default\">\n\t\t\t\t<div class=\"elementor-widget-container\">\n\t\t\t\t\t<h2 class=\"elementor-heading-title elementor-size-default\">Dlaczego my?<\/h2>\t\t\t\t<\/div>\n\t\t\t\t<\/div>\n\t\t\t\t<div class=\"elementor-element elementor-element-ca37ed7 elementor-widget__width-initial elementor-widget-mobile__width-inherit elementor-invisible elementor-widget elementor-widget-text-editor\" data-id=\"ca37ed7\" data-element_type=\"widget\" data-e-type=\"widget\" data-settings=\"{&quot;_animation&quot;:&quot;fadeInUp&quot;}\" data-widget_type=\"text-editor.default\">\n\t\t\t\t<div class=\"elementor-widget-container\">\n\t\t\t\t\t\t\t\t\t<p>Jeste\u015bmy wyborem bezkonkurencyjnym na rynku meblarskim z kilku powod\u00f3w. Nasza firma doskonale \u0142\u0105czy tradycj\u0119 rzemios\u0142a z nowoczesn\u0105 technologi\u0105, tworz\u0105c meble, kt\u00f3re s\u0105 nie tylko pi\u0119kne, ale tak\u017ce funkcjonalne i trwa\u0142e.<\/p><p>Nasze meble powstaj\u0105 w oparciu o po\u0142\u0105czenie najlepszych technologii oraz naszego do\u015bwiadczenia w pracy na okuciach najwy\u017cszej jako\u015bci i innowacyjnych rozwi\u0105zaniach. Dzi\u0119ki temu, mo\u017cemy zapewni\u0107 naszym klientom produkty, kt\u00f3re nie tylko zachwycaj\u0105 estetyk\u0105, ale tak\u017ce charakteryzuj\u0105 si\u0119 niezr\u00f3wnan\u0105 jako\u015bci\u0105 wykonania.<\/p><p>Je\u015bli szukasz mebli, kt\u00f3re nie tylko odzwierciedl\u0105 Twoje potrzeby, ale tak\u017ce b\u0119d\u0105 wyrazem wysokiego rzemios\u0142a, innowacyjno\u015bci i pasji, to jeste\u015bmy firm\u0105, na kt\u00f3rej mo\u017cesz polega\u0107. Z nami Twoje wn\u0119trze stanie si\u0119 nie tylko funkcjonalne, ale tak\u017ce wyj\u0105tkowe i inspiruj\u0105ce<\/p>\t\t\t\t\t\t\t\t<\/div>\n\t\t\t\t<\/div>\n\t\t\t\t\t<\/div>\n\t\t\t\t<\/div>\n\t\t<div class=\"elementor-element elementor-element-58f572f e-flex e-con-boxed e-con e-parent\" data-id=\"58f572f\" data-element_type=\"container\" data-e-type=\"container\" id=\"kontakt\">\n\t\t\t\t\t<div class=\"e-con-inner\">\n\t\t<div class=\"elementor-element elementor-element-893b934 e-con-full e-flex e-con e-child\" data-id=\"893b934\" data-element_type=\"container\" data-e-type=\"container\">\n\t\t\t\t<div class=\"elementor-element elementor-element-65a3e21 elementor-invisible elementor-widget elementor-widget-heading\" data-id=\"65a3e21\" data-element_type=\"widget\" data-e-type=\"widget\" data-settings=\"{&quot;_animation&quot;:&quot;fadeInUp&quot;}\" data-widget_type=\"heading.default\">\n\t\t\t\t<div class=\"elementor-widget-container\">\n\t\t\t\t\t<h2 class=\"elementor-heading-title elementor-size-default\">Zapraszamy do kontaktu<\/h2>\t\t\t\t<\/div>\n\t\t\t\t<\/div>\n\t\t\t\t<div class=\"elementor-element elementor-element-ad78c67 elementor-position-inline-start elementor-view-default elementor-mobile-position-block-start elementor-invisible elementor-widget elementor-widget-icon-box\" data-id=\"ad78c67\" data-element_type=\"widget\" data-e-type=\"widget\" data-settings=\"{&quot;_animation&quot;:&quot;fadeInUp&quot;}\" data-widget_type=\"icon-box.default\">\n\t\t\t\t<div class=\"elementor-widget-container\">\n\t\t\t\t\t\t\t<div class=\"elementor-icon-box-wrapper\">\n\n\t\t\t\t\t\t<div class=\"elementor-icon-box-icon\">\n\t\t\t\t<span  class=\"elementor-icon\">\n\t\t\t\t<svg aria-hidden=\"true\" class=\"e-font-icon-svg e-fas-map-marker-alt\" viewBox=\"0 0 384 512\" xmlns=\"http:\/\/www.w3.org\/2000\/svg\"><path d=\"M172.268 501.67C26.97 291.031 0 269.413 0 192 0 85.961 85.961 0 192 0s192 85.961 192 192c0 77.413-26.97 99.031-172.268 309.67-9.535 13.774-29.93 13.773-39.464 0zM192 272c44.183 0 80-35.817 80-80s-35.817-80-80-80-80 35.817-80 80 35.817 80 80 80z\"><\/path><\/svg>\t\t\t\t<\/span>\n\t\t\t<\/div>\n\t\t\t\n\t\t\t\t\t\t<div class=\"elementor-icon-box-content\">\n\n\t\t\t\t\t\t\t\t\t<h3 class=\"elementor-icon-box-title\">\n\t\t\t\t\t\t<span  >\n\t\t\t\t\t\t\tBlindex Meble\t\t\t\t\t\t<\/span>\n\t\t\t\t\t<\/h3>\n\t\t\t\t\n\t\t\t\t\t\t\t\t\t<p class=\"elementor-icon-box-description\">\n\t\t\t\t\t\t62-200 Jankowo Dolne 8C\t\t\t\t\t<\/p>\n\t\t\t\t\n\t\t\t<\/div>\n\t\t\t\n\t\t<\/div>\n\t\t\t\t\t\t<\/div>\n\t\t\t\t<\/div>\n\t\t\t\t<div class=\"elementor-element elementor-element-8a662ee elementor-position-inline-start elementor-view-default elementor-mobile-position-block-start elementor-invisible elementor-widget elementor-widget-icon-box\" data-id=\"8a662ee\" data-element_type=\"widget\" data-e-type=\"widget\" data-settings=\"{&quot;_animation&quot;:&quot;fadeInUp&quot;}\" data-widget_type=\"icon-box.default\">\n\t\t\t\t<div class=\"elementor-widget-container\">\n\t\t\t\t\t\t\t<div class=\"elementor-icon-box-wrapper\">\n\n\t\t\t\t\t\t<div class=\"elementor-icon-box-icon\">\n\t\t\t\t<a href=\"tel:+48725760750\" class=\"elementor-icon\" tabindex=\"-1\" aria-label=\"+48 725 760 750\">\n\t\t\t\t<svg aria-hidden=\"true\" class=\"e-font-icon-svg e-fas-phone-alt\" viewBox=\"0 0 512 512\" xmlns=\"http:\/\/www.w3.org\/2000\/svg\"><path d=\"M497.39 361.8l-112-48a24 24 0 0 0-28 6.9l-49.6 60.6A370.66 370.66 0 0 1 130.6 204.11l60.6-49.6a23.94 23.94 0 0 0 6.9-28l-48-112A24.16 24.16 0 0 0 122.6.61l-104 24A24 24 0 0 0 0 48c0 256.5 207.9 464 464 464a24 24 0 0 0 23.4-18.6l24-104a24.29 24.29 0 0 0-14.01-27.6z\"><\/path><\/svg>\t\t\t\t<\/a>\n\t\t\t<\/div>\n\t\t\t\n\t\t\t\t\t\t<div class=\"elementor-icon-box-content\">\n\n\t\t\t\t\t\t\t\t\t<h3 class=\"elementor-icon-box-title\">\n\t\t\t\t\t\t<a href=\"tel:+48725760750\" >\n\t\t\t\t\t\t\t+48 725 760 750\t\t\t\t\t\t<\/a>\n\t\t\t\t\t<\/h3>\n\t\t\t\t\n\t\t\t\t\n\t\t\t<\/div>\n\t\t\t\n\t\t<\/div>\n\t\t\t\t\t\t<\/div>\n\t\t\t\t<\/div>\n\t\t\t\t<div class=\"elementor-element elementor-element-305a7f7 elementor-button-align-start elementor-invisible elementor-widget elementor-widget-form\" data-id=\"305a7f7\" data-element_type=\"widget\" data-e-type=\"widget\" data-settings=\"{&quot;step_next_label&quot;:&quot;Next&quot;,&quot;step_previous_label&quot;:&quot;Previous&quot;,&quot;_animation&quot;:&quot;fadeInUp&quot;,&quot;button_width&quot;:&quot;100&quot;,&quot;step_type&quot;:&quot;number_text&quot;,&quot;step_icon_shape&quot;:&quot;circle&quot;}\" data-widget_type=\"form.default\">\n\t\t\t\t<div class=\"elementor-widget-container\">\n\t\t\t\t\t\t\t<form class=\"elementor-form\" method=\"post\" name=\"New Form\" aria-label=\"New Form\">\n\t\t\t<input type=\"hidden\" name=\"post_id\" value=\"9\"\/>\n\t\t\t<input type=\"hidden\" name=\"form_id\" value=\"305a7f7\"\/>\n\t\t\t<input type=\"hidden\" name=\"referer_title\" value=\"\" \/>\n\n\t\t\t\t\t\t\t<input type=\"hidden\" name=\"queried_id\" value=\"9\"\/>\n\t\t\t\n\t\t\t<div class=\"elementor-form-fields-wrapper elementor-labels-above\">\n\t\t\t\t\t\t\t\t<div class=\"elementor-field-type-text elementor-field-group elementor-column elementor-field-group-name elementor-col-100\">\n\t\t\t\t\t\t\t\t\t\t\t\t\t<input size=\"1\" type=\"text\" name=\"form_fields[name]\" id=\"form-field-name\" class=\"elementor-field elementor-size-sm  elementor-field-textual\" placeholder=\"Imi\u0119 i nazwisko\">\n\t\t\t\t\t\t\t\t\t\t\t<\/div>\n\t\t\t\t\t\t\t\t<div class=\"elementor-field-type-email elementor-field-group elementor-column elementor-field-group-email elementor-col-100 elementor-field-required\">\n\t\t\t\t\t\t\t\t\t\t\t\t\t<input size=\"1\" type=\"email\" name=\"form_fields[email]\" id=\"form-field-email\" class=\"elementor-field elementor-size-sm  elementor-field-textual\" placeholder=\"Adres e-mail\" required=\"required\">\n\t\t\t\t\t\t\t\t\t\t\t<\/div>\n\t\t\t\t\t\t\t\t<div class=\"elementor-field-type-textarea elementor-field-group elementor-column elementor-field-group-message elementor-col-100\">\n\t\t\t\t\t<textarea class=\"elementor-field-textual elementor-field  elementor-size-sm\" name=\"form_fields[message]\" id=\"form-field-message\" rows=\"8\" placeholder=\"Tre\u015b\u0107 wiadomo\u015bci\"><\/textarea>\t\t\t\t<\/div>\n\t\t\t\t\t\t\t\t<div class=\"elementor-field-type-html elementor-field-group elementor-column elementor-field-group-field_a9873b6 elementor-col-100\">\n\t\t\t\t\tWysy\u0142aj\u0105c wiadomo\u015b\u0107 akceptujesz <a href=\"#\" style=\"color:#000; font-weight:700;\">polityk\u0119 strony<\/a>\t\t\t\t<\/div>\n\t\t\t\t\t\t\t\t<div class=\"elementor-field-type-recaptcha_v3 elementor-field-group elementor-column elementor-field-group-field_ca4dfe8 elementor-col-100 recaptcha_v3-bottomright\">\n\t\t\t\t\t<div class=\"elementor-field\" id=\"form-field-field_ca4dfe8\"><div class=\"elementor-g-recaptcha\" data-sitekey=\"6Lez4J8pAAAAADCtIv03j5O4rWiDuaS_fCHtcqvc\" data-type=\"v3\" data-action=\"Form\" data-badge=\"bottomright\" data-size=\"invisible\"><\/div><\/div>\t\t\t\t<\/div>\n\t\t\t\t\t\t\t\t<div class=\"elementor-field-group elementor-column elementor-field-type-submit elementor-col-100 e-form__buttons\">\n\t\t\t\t\t<button class=\"elementor-button elementor-size-sm\" type=\"submit\">\n\t\t\t\t\t\t<span class=\"elementor-button-content-wrapper\">\n\t\t\t\t\t\t\t\t\t\t\t\t\t\t\t\t\t\t\t\t\t\t<span class=\"elementor-button-text\">Wy\u015blij wiadomo\u015b\u0107<\/span>\n\t\t\t\t\t\t\t\t\t\t\t\t\t<\/span>\n\t\t\t\t\t<\/button>\n\t\t\t\t<\/div>\n\t\t\t<\/div>\n\t\t<\/form>\n\t\t\t\t\t\t<\/div>\n\t\t\t\t<\/div>\n\t\t\t\t<\/div>\n\t\t<div class=\"elementor-element elementor-element-350aae0 e-con-full e-flex e-con e-child\" data-id=\"350aae0\" data-element_type=\"container\" data-e-type=\"container\">\n\t\t\t\t<div class=\"elementor-element elementor-element-8cc7ad1 elementor-widget elementor-widget-html\" data-id=\"8cc7ad1\" data-element_type=\"widget\" data-e-type=\"widget\" data-widget_type=\"html.default\">\n\t\t\t\t<div class=\"elementor-widget-container\">\n\t\t\t\t\t<iframe src=\"https:\/\/www.google.com\/maps\/embed?pb=!1m18!1m12!1m3!1d2426.057229273963!2d17.679869699999998!3d52.5504897!2m3!1f0!2f0!3f0!3m2!1i1024!2i768!4f13.1!3m3!1m2!1s0x4704971c40454413%3A0x17aa971319d34f8b!2sBlindex%20meble!5e0!3m2!1spl!2spl!4v1710239502276!5m2!1spl!2spl\" width=\"600\" height=\"750\" style=\"border:0;\" allowfullscreen=\"\" loading=\"lazy\" referrerpolicy=\"no-referrer-when-downgrade\"><\/iframe>\t\t\t\t<\/div>\n\t\t\t\t<\/div>\n\t\t\t\t<\/div>\n\t\t\t\t\t<\/div>\n\t\t\t\t<\/div>\n\t\t\t\t<\/div>\n\t\t","protected":false},"excerpt":{"rendered":"<p>Manufaktura mebli Kuchnie, garderoby, wn\u0119trza\u200b Kim jeste\u015bmy? Jeste\u015bmy firm\u0105 meblarsk\u0105 obecn\u0105 na rynku ju\u017c blisko 10 lat. Nasza pasja do projektowania i produkcji mebli niezmiennie towarzyszy nam w ka\u017cdym wyzwaniu, kt\u00f3re podejmujemy. Nasza specjalizacja koncentruje si\u0119 na obs\u0142udze segmentu premium, gdzie dbamy o najwy\u017csz\u0105 jako\u015b\u0107 oraz indywidualne podej\u015bcie do ka\u017cdego klienta. Nie boimy si\u0119 wyzwa\u0144 [&hellip;]<\/p>\n","protected":false},"author":1,"featured_media":0,"parent":0,"menu_order":0,"comment_status":"closed","ping_status":"closed","template":"elementor_header_footer","meta":{"footnotes":""},"class_list":["post-9","page","type-page","status-publish","hentry"],"_links":{"self":[{"href":"https:\/\/blindexmeble.pl\/index.php?rest_route=\/wp\/v2\/pages\/9","targetHints":{"allow":["GET"]}}],"collection":[{"href":"https:\/\/blindexmeble.pl\/index.php?rest_route=\/wp\/v2\/pages"}],"about":[{"href":"https:\/\/blindexmeble.pl\/index.php?rest_route=\/wp\/v2\/types\/page"}],"author":[{"embeddable":true,"href":"https:\/\/blindexmeble.pl\/index.php?rest_route=\/wp\/v2\/users\/1"}],"replies":[{"embeddable":true,"href":"https:\/\/blindexmeble.pl\/index.php?rest_route=%2Fwp%2Fv2%2Fcomments&post=9"}],"version-history":[{"count":103,"href":"https:\/\/blindexmeble.pl\/index.php?rest_route=\/wp\/v2\/pages\/9\/revisions"}],"predecessor-version":[{"id":224,"href":"https:\/\/blindexmeble.pl\/index.php?rest_route=\/wp\/v2\/pages\/9\/revisions\/224"}],"wp:attachment":[{"href":"https:\/\/blindexmeble.pl\/index.php?rest_route=%2Fwp%2Fv2%2Fmedia&parent=9"}],"curies":[{"name":"wp","href":"https:\/\/api.w.org\/{rel}","templated":true}]}}